{"id":153,"date":"2025-12-12T08:01:09","date_gmt":"2025-12-12T07:01:09","guid":{"rendered":"https:\/\/www.laureguelle.fr\/?page_id=153"},"modified":"2026-02-06T09:38:17","modified_gmt":"2026-02-06T08:38:17","slug":"a-propos","status":"publish","type":"page","link":"https:\/\/www.laureguelle.fr\/index.php\/a-propos\/","title":{"rendered":"\u00c0 propos"},"content":{"rendered":"\n<p>Laure Guelle, n\u00e9e en 1967, est artiste plasticienne dipl\u00f4m\u00e9e de l\u2019\u00c9cole d\u2019enseignement sup\u00e9rieur d\u2019art de Bordeaux (DNSEP). Son travail explore les rapports entre corps, textile, identit\u00e9 et m\u00e9moire. Sa recherche se d\u00e9ploie \u00e0 travers des installations, dessins, sculptures textiles, performances et objets qui interrogent la mani\u00e8re dont le corps habite le v\u00eatement, et comment le v\u00eatement, \u00e0 son tour, s\u2019inscrit dans l\u2019histoire personnelle et collective.<\/p>\n\n\n\n<p>Elle d\u00e9veloppe une pens\u00e9e articul\u00e9e autour d\u2019une triple g\u00e9ographie :<\/p>\n\n\n\n<p><strong>L\u2019\u00e2me habite dans le corps ;<br>le corps habite dans le v\u00eatement ;<br>le v\u00eatement habite dans l\u2019histoire.<\/strong><\/p>\n\n\n\n<p>Cette cartographie intime et sociale se traduit par une multitude de \u00ab cartes \u00bb visuelles et textiles qui am\u00e8nent le spectateur \u00e0 voyager dans son raisonnement. Ses \u0153uvres sont travers\u00e9es par des influences marquantes, notamment l\u2019\u0153uvre de Louise Bourgeois, l\u2019op\u00e9rette <em>Le Verf\u00fcgbar aux Enfers<\/em> de Germaine Tillion, ainsi qu\u2019un souvenir fondateur li\u00e9 \u00e0 Chagall, qu\u2019elle recompose mentalement depuis son adolescence.<\/p>\n\n\n\n<p>Ce souvenir \u2013 celui d\u2019une toile monumentale fantasm\u00e9e pr\u00e9sentant un couple flottant dans le ciel \u2013 constitue pour elle une matrice po\u00e9tique. On y retrouve les racines d\u2019\u0153uvres telles que les <em>Radiographie des m\u00e9duses<\/em>, les <em>Tentes nomades<\/em>, les <em>Robes de survie<\/em>, <em>Mes patrons : People ready<\/em>, ou encore les s\u00e9ries explorant les architectures du corps et les m\u00e9tamorphoses textiles.<\/p>\n\n\n\n<p>Laure Guelle vit et travaille \u00e0 Reims.<\/p>\n\n\n\n<hr class=\"wp-block-separator has-alpha-channel-opacity\"\/>\n","protected":false},"excerpt":{"rendered":"<p>Laure Guelle, n\u00e9e en 1967, est artiste plasticienne dipl\u00f4m\u00e9e de l\u2019\u00c9cole d\u2019enseignement sup\u00e9rieur d\u2019art de Bordeaux (DNSEP). Son travail explore [&hellip;]<\/p>\n","protected":false},"author":2,"featured_media":0,"parent":0,"menu_order":0,"comment_status":"closed","ping_status":"closed","template":"","meta":{"_seopress_robots_primary_cat":"","_seopress_titles_title":"\u00c0 propos de Laure Guelle \u2013 Artiste plasticienne","_seopress_titles_desc":"D\u00e9couvrez le parcours de Laure Guelle, artiste plasticienne contemporaine : expositions, collaborations avec galeries et professionnels de l\u2019art.","_seopress_robots_index":"","site-sidebar-layout":"default","site-content-layout":"","ast-site-content-layout":"default","site-content-style":"default","site-sidebar-style":"default","ast-global-header-display":"","ast-banner-title-visibility":"","ast-main-header-display":"","ast-hfb-above-header-display":"","ast-hfb-below-header-display":"","ast-hfb-mobile-header-display":"","site-post-title":"","ast-breadcrumbs-content":"","ast-featured-img":"","footer-sml-layout":"","ast-disable-related-posts":"","theme-transparent-header-meta":"","adv-header-id-meta":"","stick-header-meta":"","header-above-stick-meta":"","header-main-stick-meta":"","header-below-stick-meta":"","astra-migrate-meta-layouts":"default","ast-page-background-enabled":"default","ast-page-background-meta":{"desktop":{"background-color":"var(--ast-global-color-5)","background-image":"","background-repeat":"repeat","background-position":"center center","background-size":"auto","background-attachment":"scroll","background-type":"","background-media":"","overlay-type":"","overlay-color":"","overlay-opacity":"","overlay-gradient":""},"tablet":{"background-color":"","background-image":"","background-repeat":"repeat","background-position":"center center","background-size":"auto","background-attachment":"scroll","background-type":"","background-media":"","overlay-type":"","overlay-color":"","overlay-opacity":"","overlay-gradient":""},"mobile":{"background-color":"","background-image":"","background-repeat":"repeat","background-position":"center center","background-size":"auto","background-attachment":"scroll","background-type":"","background-media":"","overlay-type":"","overlay-color":"","overlay-opacity":"","overlay-gradient":""}},"ast-content-background-meta":{"desktop":{"background-color":"var(--ast-global-color-4)","background-image":"","background-repeat":"repeat","background-position":"center center","background-size":"auto","background-attachment":"scroll","background-type":"","background-media":"","overlay-type":"","overlay-color":"","overlay-opacity":"","overlay-gradient":""},"tablet":{"background-color":"var(--ast-global-color-4)","background-image":"","background-repeat":"repeat","background-position":"center center","background-size":"auto","background-attachment":"scroll","background-type":"","background-media":"","overlay-type":"","overlay-color":"","overlay-opacity":"","overlay-gradient":""},"mobile":{"background-color":"var(--ast-global-color-4)","background-image":"","background-repeat":"repeat","background-position":"center center","background-size":"auto","background-attachment":"scroll","background-type":"","background-media":"","overlay-type":"","overlay-color":"","overlay-opacity":"","overlay-gradient":""}},"footnotes":""},"class_list":["post-153","page","type-page","status-publish","hentry"],"_links":{"self":[{"href":"https:\/\/www.laureguelle.fr\/index.php\/wp-json\/wp\/v2\/pages\/153","targetHints":{"allow":["GET"]}}],"collection":[{"href":"https:\/\/www.laureguelle.fr\/index.php\/wp-json\/wp\/v2\/pages"}],"about":[{"href":"https:\/\/www.laureguelle.fr\/index.php\/wp-json\/wp\/v2\/types\/page"}],"author":[{"embeddable":true,"href":"https:\/\/www.laureguelle.fr\/index.php\/wp-json\/wp\/v2\/users\/2"}],"replies":[{"embeddable":true,"href":"https:\/\/www.laureguelle.fr\/index.php\/wp-json\/wp\/v2\/comments?post=153"}],"version-history":[{"count":2,"href":"https:\/\/www.laureguelle.fr\/index.php\/wp-json\/wp\/v2\/pages\/153\/revisions"}],"predecessor-version":[{"id":170,"href":"https:\/\/www.laureguelle.fr\/index.php\/wp-json\/wp\/v2\/pages\/153\/revisions\/170"}],"wp:attachment":[{"href":"https:\/\/www.laureguelle.fr\/index.php\/wp-json\/wp\/v2\/media?parent=153"}],"curies":[{"name":"wp","href":"https:\/\/api.w.org\/{rel}","templated":true}]}}