{"id":147,"date":"2025-12-12T07:59:22","date_gmt":"2025-12-12T06:59:22","guid":{"rendered":"https:\/\/www.laureguelle.fr\/?page_id=147"},"modified":"2026-02-06T09:36:34","modified_gmt":"2026-02-06T08:36:34","slug":"accueil","status":"publish","type":"page","link":"https:\/\/www.laureguelle.fr\/","title":{"rendered":"Laure Guelle"},"content":{"rendered":"\n<ul class=\"wp-block-social-links has-small-icon-size is-layout-flex wp-block-social-links-is-layout-flex\"><li class=\"wp-social-link wp-social-link-instagram  wp-block-social-link\"><a href=\"https:\/\/www.instagram.com\/laureguelle\/\" class=\"wp-block-social-link-anchor\"><svg width=\"24\" height=\"24\" viewBox=\"0 0 24 24\" version=\"1.1\" xmlns=\"http:\/\/www.w3.org\/2000\/svg\" aria-hidden=\"true\" focusable=\"false\"><path d=\"M12,4.622c2.403,0,2.688,0.009,3.637,0.052c0.877,0.04,1.354,0.187,1.671,0.31c0.42,0.163,0.72,0.358,1.035,0.673 c0.315,0.315,0.51,0.615,0.673,1.035c0.123,0.317,0.27,0.794,0.31,1.671c0.043,0.949,0.052,1.234,0.052,3.637 s-0.009,2.688-0.052,3.637c-0.04,0.877-0.187,1.354-0.31,1.671c-0.163,0.42-0.358,0.72-0.673,1.035 c-0.315,0.315-0.615,0.51-1.035,0.673c-0.317,0.123-0.794,0.27-1.671,0.31c-0.949,0.043-1.233,0.052-3.637,0.052 s-2.688-0.009-3.637-0.052c-0.877-0.04-1.354-0.187-1.671-0.31c-0.42-0.163-0.72-0.358-1.035-0.673 c-0.315-0.315-0.51-0.615-0.673-1.035c-0.123-0.317-0.27-0.794-0.31-1.671C4.631,14.688,4.622,14.403,4.622,12 s0.009-2.688,0.052-3.637c0.04-0.877,0.187-1.354,0.31-1.671c0.163-0.42,0.358-0.72,0.673-1.035 c0.315-0.315,0.615-0.51,1.035-0.673c0.317-0.123,0.794-0.27,1.671-0.31C9.312,4.631,9.597,4.622,12,4.622 M12,3 C9.556,3,9.249,3.01,8.289,3.054C7.331,3.098,6.677,3.25,6.105,3.472C5.513,3.702,5.011,4.01,4.511,4.511 c-0.5,0.5-0.808,1.002-1.038,1.594C3.25,6.677,3.098,7.331,3.054,8.289C3.01,9.249,3,9.556,3,12c0,2.444,0.01,2.751,0.054,3.711 c0.044,0.958,0.196,1.612,0.418,2.185c0.23,0.592,0.538,1.094,1.038,1.594c0.5,0.5,1.002,0.808,1.594,1.038 c0.572,0.222,1.227,0.375,2.185,0.418C9.249,20.99,9.556,21,12,21s2.751-0.01,3.711-0.054c0.958-0.044,1.612-0.196,2.185-0.418 c0.592-0.23,1.094-0.538,1.594-1.038c0.5-0.5,0.808-1.002,1.038-1.594c0.222-0.572,0.375-1.227,0.418-2.185 C20.99,14.751,21,14.444,21,12s-0.01-2.751-0.054-3.711c-0.044-0.958-0.196-1.612-0.418-2.185c-0.23-0.592-0.538-1.094-1.038-1.594 c-0.5-0.5-1.002-0.808-1.594-1.038c-0.572-0.222-1.227-0.375-2.185-0.418C14.751,3.01,14.444,3,12,3L12,3z M12,7.378 c-2.552,0-4.622,2.069-4.622,4.622S9.448,16.622,12,16.622s4.622-2.069,4.622-4.622S14.552,7.378,12,7.378z M12,15 c-1.657,0-3-1.343-3-3s1.343-3,3-3s3,1.343,3,3S13.657,15,12,15z M16.804,6.116c-0.596,0-1.08,0.484-1.08,1.08 s0.484,1.08,1.08,1.08c0.596,0,1.08-0.484,1.08-1.08S17.401,6.116,16.804,6.116z\"><\/path><\/svg><span class=\"wp-block-social-link-label screen-reader-text\">Instagram<\/span><\/a><\/li>\n\n<li class=\"wp-social-link wp-social-link-facebook  wp-block-social-link\"><a href=\"https:\/\/www.facebook.com\/yvette.tillon\" class=\"wp-block-social-link-anchor\"><svg width=\"24\" height=\"24\" viewBox=\"0 0 24 24\" version=\"1.1\" xmlns=\"http:\/\/www.w3.org\/2000\/svg\" aria-hidden=\"true\" focusable=\"false\"><path d=\"M12 2C6.5 2 2 6.5 2 12c0 5 3.7 9.1 8.4 9.9v-7H7.9V12h2.5V9.8c0-2.5 1.5-3.9 3.8-3.9 1.1 0 2.2.2 2.2.2v2.5h-1.3c-1.2 0-1.6.8-1.6 1.6V12h2.8l-.4 2.9h-2.3v7C18.3 21.1 22 17 22 12c0-5.5-4.5-10-10-10z\"><\/path><\/svg><span class=\"wp-block-social-link-label screen-reader-text\">Facebook<\/span><\/a><\/li><\/ul>\n\n\n\n<blockquote class=\"wp-block-quote is-layout-flow wp-block-quote-is-layout-flow\">\n<div class=\"wp-block-group is-nowrap is-layout-flex wp-container-core-group-is-layout-6c531013 wp-block-group-is-layout-flex\">\n<div class=\"wp-block-media-text is-stacked-on-mobile\" style=\"grid-template-columns:27% auto\"><figure class=\"wp-block-media-text__media\"><img alt=\"\" loading=\"lazy\" decoding=\"async\" width=\"878\" height=\"1024\" src=\"https:\/\/www.laureguelle.fr\/wp-content\/uploads\/2023\/03\/Guelle-Laure-878x1024.jpg\" alt=\"\" class=\"wp-image-57 size-full\" srcset=\"https:\/\/www.laureguelle.fr\/wp-content\/uploads\/2023\/03\/Guelle-Laure-878x1024.jpg 878w, https:\/\/www.laureguelle.fr\/wp-content\/uploads\/2023\/03\/Guelle-Laure-257x300.jpg 257w, https:\/\/www.laureguelle.fr\/wp-content\/uploads\/2023\/03\/Guelle-Laure-768x896.jpg 768w, https:\/\/www.laureguelle.fr\/wp-content\/uploads\/2023\/03\/Guelle-Laure-1316x1536.jpg 1316w, https:\/\/www.laureguelle.fr\/wp-content\/uploads\/2023\/03\/Guelle-Laure-1755x2048.jpg 1755w, https:\/\/www.laureguelle.fr\/wp-content\/uploads\/2023\/03\/Guelle-Laure-51x60.jpg 51w, https:\/\/www.laureguelle.fr\/wp-content\/uploads\/2023\/03\/Guelle-Laure.jpg 1889w\" sizes=\"auto, (max-width: 878px) 100vw, 878px\" \/><\/figure><div class=\"wp-block-media-text__content\">\n<blockquote class=\"wp-block-quote is-layout-flow wp-block-quote-is-layout-flow\">\n<p>L\u2019\u00e2me habite dans le corps,<br>le corps habite dans le v\u00eatement,<br>le v\u00eatement habite dans l\u2019histoire. <br>Nos \u00e9motions habitent dans la chair,<br>la chair habite dans le textile,<br>le textile habite dans la soci\u00e9t\u00e9.<\/p>\n<\/blockquote>\n<\/div><\/div>\n<\/div>\n<\/blockquote>\n\n\n\n<div class=\"wp-block-columns is-layout-flex wp-container-core-columns-is-layout-28f84493 wp-block-columns-is-layout-flex\">\n<div class=\"wp-block-column is-layout-flow wp-block-column-is-layout-flow\">\n<p><em>\u00c0 partir de cette g\u00e9ographie, j\u2019\u00e9tablis une multitude de cartes pour amener le spectateur \u00e0 voyager dans mon raisonnement.<\/em><\/p>\n\n\n\n<p><em>Ma d\u00e9couverte de l\u2019\u0153uvre de Louise Bourgeois au CAPC de Bordeaux en 1998 ainsi que ma lecture de l\u2019op\u00e9rette Le Verf\u00fcgbar aux Enfers de Germaine Tillion m\u2019ont fortement influenc\u00e9e. Mais, avec un peu de recul, c\u2019est l\u2019\u0153uvre de Marc Chagall qui a donn\u00e9 une empreinte et une unit\u00e9 \u00e0 mon travail.<\/em><\/p>\n\n\n\n<p><em>Lors de mes 16 ans, je suis all\u00e9e au centre Pompidou qui exposait l\u2019\u0153uvre de Chagall. Mon \u00e9motion a \u00e9t\u00e9 telle que je garde le souvenir fantasm\u00e9 d\u2019une toile monumentale que je peux d\u00e9crire pr\u00e9cis\u00e9ment. Or j\u2019ai d\u00e9couvert en 2013 que cette \u0153uvre n\u2019existait pas ; l\u2019exposition ne pr\u00e9sentait que des dessins. L\u2019ensemble des \u0153uvres expos\u00e9es s\u2019est-il mu\u00e9 en une seule composition d\u00e9mesur\u00e9e dans ma m\u00e9moire comme un imago ?<\/em><\/p>\n\n\n\n<p><em>Ainsi, si je devais condenser mon travail en une image, ce serait cette \u0153uvre de Chagall construite par ma m\u00e9moire : une toile immense, brute, blanche, sur laquelle Chagall aurait peint telle une esquisse un couple enla\u00e7\u00e9 volant dans le ciel. L\u2019homme est habill\u00e9 d\u2019un costume<\/em><\/p>\n<\/div>\n\n\n\n<div class=\"wp-block-column is-layout-flow wp-block-column-is-layout-flow\">\n<p><em>sombre. La femme porte une longue robe de mari\u00e9e macul\u00e9e de magnifiques petites taches de couleur comme celles que l\u2019on trouve sur les blouses des artistes. Ce couple fuit le poids du monde, le corps suit l\u2019\u00e2me par magie. Ils sont l\u00e0, suspendus dans le ciel, \u00e0 vivre comme des fant\u00f4mes pleins de chair.<\/em><\/p>\n\n\n\n<p><em>Le monde qu\u2019ils me semblent fuir est peint en masse en bas du tableau. Est-ce un village, une ville combin\u00e9e de petites maisons agglutin\u00e9es ? L\u2019une d\u2019elles est retourn\u00e9e, le toit plant\u00e9 dans le sol.<\/em><\/p>\n\n\n\n<p><em>Les liens entre cette \u0153uvre enfant\u00e9e et ma cr\u00e9ation sont r\u00e9currents. La femme \u00e0 longue robe de mari\u00e9e volante et fantomatique est pr\u00e9sente dans les \u00ab Radiographie des m\u00e9duses \u00bb ou les v\u00eatements suspendus dans l\u2019espace comme les \u00ab Tentes nomades \u00bb. Le couple qui fuit le poids du monde se retrouve dans mes \u00ab Robes de survie \u00bb, dans \u00ab Mes patrons : people ready \u00bb ; les magnifiques petites taches de couleur, dans \u00ab \u00e9osine \u00bb et \u00ab B\u00e2tis de corps \u00bb o\u00f9 j\u2019utilise des encres pr\u00e9cieuses ; la recherche de la petite maison retourn\u00e9e dans la ville dans les \u00ab Robes mur\u00e9es \u00bb, \u00ab Permis de d\u00e9molir \u00bb, \u00ab Coiffes traditionnelles \u00bb, \u00ab La Vie apr\u00e8s la mort \u00bb, \u00ab Partir \u00bb&#8230;<\/em><\/p>\n<\/div>\n<\/div>\n\n\n\n<p><\/p>\n\n\n\n<div class=\"wp-block-media-text is-stacked-on-mobile\"><figure class=\"wp-block-media-text__media\"><\/figure><div class=\"wp-block-media-text__content\">\n<p><\/p>\n<\/div><\/div>\n","protected":false},"excerpt":{"rendered":"<p>\u00c0 partir de cette g\u00e9ographie, j\u2019\u00e9tablis une multitude de cartes pour amener le spectateur \u00e0 voyager dans mon raisonnement. Ma [&hellip;]<\/p>\n","protected":false},"author":2,"featured_media":0,"parent":0,"menu_order":0,"comment_status":"closed","ping_status":"closed","template":"","meta":{"_seopress_robots_primary_cat":"","_seopress_titles_title":"Laure Guelle \u2013 Artiste plasticienne contemporaine | \u0152uvres et expositions","_seopress_titles_desc":"D\u00e9couvrez le travail de Laure Guelle, artiste plasticienne contemporaine. \u0152uvres originales, expositions et collaborations avec galeries et collectionneurs.","_seopress_robots_index":"","site-sidebar-layout":"default","site-content-layout":"","ast-site-content-layout":"default","site-content-style":"default","site-sidebar-style":"default","ast-global-header-display":"","ast-banner-title-visibility":"","ast-main-header-display":"","ast-hfb-above-header-display":"","ast-hfb-below-header-display":"","ast-hfb-mobile-header-display":"","site-post-title":"disabled","ast-breadcrumbs-content":"","ast-featured-img":"","footer-sml-layout":"","ast-disable-related-posts":"","theme-transparent-header-meta":"","adv-header-id-meta":"","stick-header-meta":"","header-above-stick-meta":"","header-main-stick-meta":"","header-below-stick-meta":"","astra-migrate-meta-layouts":"default","ast-page-background-enabled":"default","ast-page-background-meta":{"desktop":{"background-color":"var(--ast-global-color-5)","background-image":"","background-repeat":"repeat","background-position":"center center","background-size":"auto","background-attachment":"scroll","background-type":"","background-media":"","overlay-type":"","overlay-color":"","overlay-opacity":"","overlay-gradient":""},"tablet":{"background-color":"","background-image":"","background-repeat":"repeat","background-position":"center center","background-size":"auto","background-attachment":"scroll","background-type":"","background-media":"","overlay-type":"","overlay-color":"","overlay-opacity":"","overlay-gradient":""},"mobile":{"background-color":"","background-image":"","background-repeat":"repeat","background-position":"center center","background-size":"auto","background-attachment":"scroll","background-type":"","background-media":"","overlay-type":"","overlay-color":"","overlay-opacity":"","overlay-gradient":""}},"ast-content-background-meta":{"desktop":{"background-color":"var(--ast-global-color-4)","background-image":"","background-repeat":"repeat","background-position":"center center","background-size":"auto","background-attachment":"scroll","background-type":"","background-media":"","overlay-type":"","overlay-color":"","overlay-opacity":"","overlay-gradient":""},"tablet":{"background-color":"var(--ast-global-color-4)","background-image":"","background-repeat":"repeat","background-position":"center center","background-size":"auto","background-attachment":"scroll","background-type":"","background-media":"","overlay-type":"","overlay-color":"","overlay-opacity":"","overlay-gradient":""},"mobile":{"background-color":"var(--ast-global-color-4)","background-image":"","background-repeat":"repeat","background-position":"center center","background-size":"auto","background-attachment":"scroll","background-type":"","background-media":"","overlay-type":"","overlay-color":"","overlay-opacity":"","overlay-gradient":""}},"footnotes":""},"class_list":["post-147","page","type-page","status-publish","hentry"],"_links":{"self":[{"href":"https:\/\/www.laureguelle.fr\/index.php\/wp-json\/wp\/v2\/pages\/147","targetHints":{"allow":["GET"]}}],"collection":[{"href":"https:\/\/www.laureguelle.fr\/index.php\/wp-json\/wp\/v2\/pages"}],"about":[{"href":"https:\/\/www.laureguelle.fr\/index.php\/wp-json\/wp\/v2\/types\/page"}],"author":[{"embeddable":true,"href":"https:\/\/www.laureguelle.fr\/index.php\/wp-json\/wp\/v2\/users\/2"}],"replies":[{"embeddable":true,"href":"https:\/\/www.laureguelle.fr\/index.php\/wp-json\/wp\/v2\/comments?post=147"}],"version-history":[{"count":11,"href":"https:\/\/www.laureguelle.fr\/index.php\/wp-json\/wp\/v2\/pages\/147\/revisions"}],"predecessor-version":[{"id":489,"href":"https:\/\/www.laureguelle.fr\/index.php\/wp-json\/wp\/v2\/pages\/147\/revisions\/489"}],"wp:attachment":[{"href":"https:\/\/www.laureguelle.fr\/index.php\/wp-json\/wp\/v2\/media?parent=147"}],"curies":[{"name":"wp","href":"https:\/\/api.w.org\/{rel}","templated":true}]}}